{"id":3420,"date":"2023-06-23T09:43:36","date_gmt":"2023-06-23T07:43:36","guid":{"rendered":"https:\/\/www.helvetic-payroll.ch\/?page_id=3420"},"modified":"2026-03-18T10:51:28","modified_gmt":"2026-03-18T09:51:28","slug":"ueber-uns","status":"publish","type":"page","link":"https:\/\/www.helvetic-payroll.ch\/de\/ueber-uns\/","title":{"rendered":"\u00dcber uns"},"content":{"rendered":"\n<p>Gegr\u00fcndet im Jahr 2010 ist Helvetic Payroll der Schweizer Marktf\u00fchrer im Bereich Payrolling, Consulting und Talent Sourcing sowie in der Lohnbuchhaltungs-Outsourcing. Wir unterst\u00fctzen Unternehmen und externe Berater mit modernen, flexiblen und einfach umsetzbaren Besch\u00e4ftigungsl\u00f6sungen, um ihren Alltag zu erleichtern.<\/p>\n\n\n\n<p>Mit \u00fcber 16 Jahren Erfahrung auf dem Markt in Genf und Z\u00fcrich erm\u00f6glicht uns unsere landesweite Pr\u00e4senz, enge Beziehungen in allen Arbeitsmarktregionen der Schweiz zu pflegen.<\/p>\n\n\n\n<figure class=\"wp-block-image size-large\"><img decoding=\"async\" width=\"1800\" height=\"964\" src=\"https:\/\/www.helvetic-payroll.ch\/wp-content\/uploads\/2023\/09\/xDSC_0417-1800x964.png\" alt=\"a propos Helvetic payroll\" class=\"wp-image-4072\" srcset=\"https:\/\/www.helvetic-payroll.ch\/wp-content\/uploads\/2023\/09\/xDSC_0417-1800x964.png 1800w, https:\/\/www.helvetic-payroll.ch\/wp-content\/uploads\/2023\/09\/xDSC_0417-500x268.png 500w, https:\/\/www.helvetic-payroll.ch\/wp-content\/uploads\/2023\/09\/xDSC_0417-768x411.png 768w, https:\/\/www.helvetic-payroll.ch\/wp-content\/uploads\/2023\/09\/xDSC_0417-1536x823.png 1536w, https:\/\/www.helvetic-payroll.ch\/wp-content\/uploads\/2023\/09\/xDSC_0417.png 2000w\" sizes=\"(max-width: 1800px) 100vw, 1800px\" \/><\/figure>\n","protected":false},"excerpt":{"rendered":"<p>Gegr\u00fcndet im Jahr 2010 ist Helvetic Payroll der Schweizer Marktf\u00fchrer im Bereich Payrolling, Consulting und Talent Sourcing sowie in der Lohnbuchhaltungs-Outsourcing. Wir unterst\u00fctzen Unternehmen und externe Berater mit modernen, flexiblen und einfach umsetzbaren Besch\u00e4ftigungsl\u00f6sungen, um ihren Alltag zu erleichtern. Mit \u00fcber 16 Jahren Erfahrung auf dem Markt in Genf und Z\u00fcrich erm\u00f6glicht uns unsere landesweite [&hellip;]<\/p>\n","protected":false},"author":10,"featured_media":0,"parent":0,"menu_order":0,"comment_status":"closed","ping_status":"closed","template":"","meta":{"inline_featured_image":false,"footnotes":""},"class_list":["post-3420","page","type-page","status-publish","hentry"],"acf":[],"yoast_head":"<!-- This site is optimized with the Yoast SEO plugin v27.5 - https:\/\/yoast.com\/product\/yoast-seo-wordpress\/ -->\n<title>\u00dcber uns - Helvetic Payroll<\/title>\n<meta name=\"description\" content=\"Entdecken Sie Helvetic Payroll, den Schweizer Marktf\u00fchrer f\u00fcr Payrolling und Personalvermittlung !\" \/>\n<meta name=\"robots\" content=\"index, follow, max-snippet:-1, max-image-preview:large, max-video-preview:-1\" \/>\n<link rel=\"canonical\" href=\"https:\/\/www.helvetic-payroll.ch\/de\/ueber-uns\/\" \/>\n<meta property=\"og:locale\" content=\"de_DE\" \/>\n<meta property=\"og:type\" content=\"article\" \/>\n<meta property=\"og:title\" content=\"\u00dcber uns - Helvetic Payroll\" \/>\n<meta property=\"og:description\" content=\"Entdecken Sie Helvetic Payroll, den Schweizer Marktf\u00fchrer f\u00fcr Payrolling und Personalvermittlung !\" \/>\n<meta property=\"og:url\" content=\"https:\/\/www.helvetic-payroll.ch\/de\/ueber-uns\/\" \/>\n<meta property=\"og:site_name\" content=\"Helvetic Payroll\" \/>\n<meta property=\"article:publisher\" content=\"https:\/\/www.facebook.com\/HelveticPayroll\" \/>\n<meta property=\"article:modified_time\" content=\"2026-03-18T09:51:28+00:00\" \/>\n<meta property=\"og:image\" content=\"https:\/\/www.helvetic-payroll.ch\/wp-content\/uploads\/2023\/09\/xDSC_0417-768x411.png\" \/>\n\t<meta property=\"og:image:width\" content=\"768\" \/>\n\t<meta property=\"og:image:height\" content=\"411\" \/>\n\t<meta property=\"og:image:type\" content=\"image\/png\" \/>\n<meta name=\"twitter:card\" content=\"summary_large_image\" \/>\n<meta name=\"twitter:site\" content=\"@HelveticPayroll\" \/>\n<meta name=\"twitter:label1\" content=\"Gesch\u00e4tzte Lesezeit\" \/>\n\t<meta name=\"twitter:data1\" content=\"1 Minute\" \/>\n<script type=\"application\/ld+json\" class=\"yoast-schema-graph\">{\"@context\":\"https:\\\/\\\/schema.org\",\"@graph\":[{\"@type\":\"WebPage\",\"@id\":\"https:\\\/\\\/www.helvetic-payroll.ch\\\/de\\\/ueber-uns\\\/\",\"url\":\"https:\\\/\\\/www.helvetic-payroll.ch\\\/de\\\/ueber-uns\\\/\",\"name\":\"\u00dcber uns - Helvetic Payroll\",\"isPartOf\":{\"@id\":\"https:\\\/\\\/www.helvetic-payroll.ch\\\/fr\\\/#website\"},\"primaryImageOfPage\":{\"@id\":\"https:\\\/\\\/www.helvetic-payroll.ch\\\/de\\\/ueber-uns\\\/#primaryimage\"},\"image\":{\"@id\":\"https:\\\/\\\/www.helvetic-payroll.ch\\\/de\\\/ueber-uns\\\/#primaryimage\"},\"thumbnailUrl\":\"https:\\\/\\\/www.helvetic-payroll.ch\\\/wp-content\\\/uploads\\\/2023\\\/09\\\/xDSC_0417-1800x964.png\",\"datePublished\":\"2023-06-23T07:43:36+00:00\",\"dateModified\":\"2026-03-18T09:51:28+00:00\",\"description\":\"Entdecken Sie Helvetic Payroll, den Schweizer Marktf\u00fchrer f\u00fcr Payrolling und Personalvermittlung !\",\"inLanguage\":\"de-DE\",\"potentialAction\":[{\"@type\":\"ReadAction\",\"target\":[\"https:\\\/\\\/www.helvetic-payroll.ch\\\/de\\\/ueber-uns\\\/\"]}]},{\"@type\":\"ImageObject\",\"inLanguage\":\"de-DE\",\"@id\":\"https:\\\/\\\/www.helvetic-payroll.ch\\\/de\\\/ueber-uns\\\/#primaryimage\",\"url\":\"https:\\\/\\\/www.helvetic-payroll.ch\\\/wp-content\\\/uploads\\\/2023\\\/09\\\/xDSC_0417-1800x964.png\",\"contentUrl\":\"https:\\\/\\\/www.helvetic-payroll.ch\\\/wp-content\\\/uploads\\\/2023\\\/09\\\/xDSC_0417-1800x964.png\"},{\"@type\":\"WebSite\",\"@id\":\"https:\\\/\\\/www.helvetic-payroll.ch\\\/fr\\\/#website\",\"url\":\"https:\\\/\\\/www.helvetic-payroll.ch\\\/fr\\\/\",\"name\":\"Helvetic Payroll\",\"description\":\"\",\"publisher\":{\"@id\":\"https:\\\/\\\/www.helvetic-payroll.ch\\\/fr\\\/#organization\"},\"potentialAction\":[{\"@type\":\"SearchAction\",\"target\":{\"@type\":\"EntryPoint\",\"urlTemplate\":\"https:\\\/\\\/www.helvetic-payroll.ch\\\/fr\\\/?s={search_term_string}\"},\"query-input\":{\"@type\":\"PropertyValueSpecification\",\"valueRequired\":true,\"valueName\":\"search_term_string\"}}],\"inLanguage\":\"de-DE\"},{\"@type\":\"Organization\",\"@id\":\"https:\\\/\\\/www.helvetic-payroll.ch\\\/fr\\\/#organization\",\"name\":\"Helvetic Payroll\",\"url\":\"https:\\\/\\\/www.helvetic-payroll.ch\\\/fr\\\/\",\"logo\":{\"@type\":\"ImageObject\",\"inLanguage\":\"de-DE\",\"@id\":\"https:\\\/\\\/www.helvetic-payroll.ch\\\/fr\\\/#\\\/schema\\\/logo\\\/image\\\/\",\"url\":\"https:\\\/\\\/www.helvetic-payroll.ch\\\/wp-content\\\/uploads\\\/2025\\\/07\\\/HP-Logo-couleur-scaled.png\",\"contentUrl\":\"https:\\\/\\\/www.helvetic-payroll.ch\\\/wp-content\\\/uploads\\\/2025\\\/07\\\/HP-Logo-couleur-scaled.png\",\"width\":2560,\"height\":1204,\"caption\":\"Helvetic Payroll\"},\"image\":{\"@id\":\"https:\\\/\\\/www.helvetic-payroll.ch\\\/fr\\\/#\\\/schema\\\/logo\\\/image\\\/\"},\"sameAs\":[\"https:\\\/\\\/www.facebook.com\\\/HelveticPayroll\",\"https:\\\/\\\/x.com\\\/HelveticPayroll\"]}]}<\/script>\n<!-- \/ Yoast SEO plugin. -->","yoast_head_json":{"title":"\u00dcber uns - Helvetic Payroll","description":"Entdecken Sie Helvetic Payroll, den Schweizer Marktf\u00fchrer f\u00fcr Payrolling und Personalvermittlung !","robots":{"index":"index","follow":"follow","max-snippet":"max-snippet:-1","max-image-preview":"max-image-preview:large","max-video-preview":"max-video-preview:-1"},"canonical":"https:\/\/www.helvetic-payroll.ch\/de\/ueber-uns\/","og_locale":"de_DE","og_type":"article","og_title":"\u00dcber uns - Helvetic Payroll","og_description":"Entdecken Sie Helvetic Payroll, den Schweizer Marktf\u00fchrer f\u00fcr Payrolling und Personalvermittlung !","og_url":"https:\/\/www.helvetic-payroll.ch\/de\/ueber-uns\/","og_site_name":"Helvetic Payroll","article_publisher":"https:\/\/www.facebook.com\/HelveticPayroll","article_modified_time":"2026-03-18T09:51:28+00:00","og_image":[{"width":768,"height":411,"url":"https:\/\/www.helvetic-payroll.ch\/wp-content\/uploads\/2023\/09\/xDSC_0417-768x411.png","type":"image\/png"}],"twitter_card":"summary_large_image","twitter_site":"@HelveticPayroll","twitter_misc":{"Gesch\u00e4tzte Lesezeit":"1 Minute"},"schema":{"@context":"https:\/\/schema.org","@graph":[{"@type":"WebPage","@id":"https:\/\/www.helvetic-payroll.ch\/de\/ueber-uns\/","url":"https:\/\/www.helvetic-payroll.ch\/de\/ueber-uns\/","name":"\u00dcber uns - Helvetic Payroll","isPartOf":{"@id":"https:\/\/www.helvetic-payroll.ch\/fr\/#website"},"primaryImageOfPage":{"@id":"https:\/\/www.helvetic-payroll.ch\/de\/ueber-uns\/#primaryimage"},"image":{"@id":"https:\/\/www.helvetic-payroll.ch\/de\/ueber-uns\/#primaryimage"},"thumbnailUrl":"https:\/\/www.helvetic-payroll.ch\/wp-content\/uploads\/2023\/09\/xDSC_0417-1800x964.png","datePublished":"2023-06-23T07:43:36+00:00","dateModified":"2026-03-18T09:51:28+00:00","description":"Entdecken Sie Helvetic Payroll, den Schweizer Marktf\u00fchrer f\u00fcr Payrolling und Personalvermittlung !","inLanguage":"de-DE","potentialAction":[{"@type":"ReadAction","target":["https:\/\/www.helvetic-payroll.ch\/de\/ueber-uns\/"]}]},{"@type":"ImageObject","inLanguage":"de-DE","@id":"https:\/\/www.helvetic-payroll.ch\/de\/ueber-uns\/#primaryimage","url":"https:\/\/www.helvetic-payroll.ch\/wp-content\/uploads\/2023\/09\/xDSC_0417-1800x964.png","contentUrl":"https:\/\/www.helvetic-payroll.ch\/wp-content\/uploads\/2023\/09\/xDSC_0417-1800x964.png"},{"@type":"WebSite","@id":"https:\/\/www.helvetic-payroll.ch\/fr\/#website","url":"https:\/\/www.helvetic-payroll.ch\/fr\/","name":"Helvetic Payroll","description":"","publisher":{"@id":"https:\/\/www.helvetic-payroll.ch\/fr\/#organization"},"potentialAction":[{"@type":"SearchAction","target":{"@type":"EntryPoint","urlTemplate":"https:\/\/www.helvetic-payroll.ch\/fr\/?s={search_term_string}"},"query-input":{"@type":"PropertyValueSpecification","valueRequired":true,"valueName":"search_term_string"}}],"inLanguage":"de-DE"},{"@type":"Organization","@id":"https:\/\/www.helvetic-payroll.ch\/fr\/#organization","name":"Helvetic Payroll","url":"https:\/\/www.helvetic-payroll.ch\/fr\/","logo":{"@type":"ImageObject","inLanguage":"de-DE","@id":"https:\/\/www.helvetic-payroll.ch\/fr\/#\/schema\/logo\/image\/","url":"https:\/\/www.helvetic-payroll.ch\/wp-content\/uploads\/2025\/07\/HP-Logo-couleur-scaled.png","contentUrl":"https:\/\/www.helvetic-payroll.ch\/wp-content\/uploads\/2025\/07\/HP-Logo-couleur-scaled.png","width":2560,"height":1204,"caption":"Helvetic Payroll"},"image":{"@id":"https:\/\/www.helvetic-payroll.ch\/fr\/#\/schema\/logo\/image\/"},"sameAs":["https:\/\/www.facebook.com\/HelveticPayroll","https:\/\/x.com\/HelveticPayroll"]}]}},"_links":{"self":[{"href":"https:\/\/www.helvetic-payroll.ch\/de\/wp-json\/wp\/v2\/pages\/3420","targetHints":{"allow":["GET"]}}],"collection":[{"href":"https:\/\/www.helvetic-payroll.ch\/de\/wp-json\/wp\/v2\/pages"}],"about":[{"href":"https:\/\/www.helvetic-payroll.ch\/de\/wp-json\/wp\/v2\/types\/page"}],"author":[{"embeddable":true,"href":"https:\/\/www.helvetic-payroll.ch\/de\/wp-json\/wp\/v2\/users\/10"}],"replies":[{"embeddable":true,"href":"https:\/\/www.helvetic-payroll.ch\/de\/wp-json\/wp\/v2\/comments?post=3420"}],"version-history":[{"count":0,"href":"https:\/\/www.helvetic-payroll.ch\/de\/wp-json\/wp\/v2\/pages\/3420\/revisions"}],"wp:attachment":[{"href":"https:\/\/www.helvetic-payroll.ch\/de\/wp-json\/wp\/v2\/media?parent=3420"}],"curies":[{"name":"wp","href":"https:\/\/api.w.org\/{rel}","templated":true}]}}