{"id":2826,"date":"2023-04-20T10:04:43","date_gmt":"2023-04-20T08:04:43","guid":{"rendered":"https:\/\/www.helvetic-payroll.ch\/?page_id=2826"},"modified":"2026-01-21T11:48:59","modified_gmt":"2026-01-21T10:48:59","slug":"payrolling","status":"publish","type":"page","link":"https:\/\/www.helvetic-payroll.ch\/fr\/payrolling\/","title":{"rendered":"Tout savoir sur le payrolling."},"content":{"rendered":"\n<p>Le payrolling, \u00e9galement connu sous le nom de location de services, repr\u00e9sente une forme d&#8217;emploi qui permet de travailler en tant que consultant pour les clients d&rsquo;une soci\u00e9t\u00e9 de services comme Helvetic Payroll. En Suisse, cette m\u00e9thode gagne en popularit\u00e9 en raison de sa capacit\u00e9 \u00e0 offrir une flexibilit\u00e9 de plus en plus recherch\u00e9e.<\/p>\n\n\n\n<p>Vous vous posez des questions sur cette forme d&#8217;emploi ? Helvetic Payroll vous propose&nbsp;<strong>un guide complet pour tout savoir sur le payrolling<\/strong>&nbsp;: d\u00e9finition, fonctionnement, avantages, conformit\u00e9 et l\u00e9gislation, on vous explique tout ici !<\/p>\n\n\n\n<p>Dans le cadre de nos services de payrolling nous proposons \u00e0 nos consultants d\u2019\u00e9tablir une\u00a0<strong>relation employeur \u00e0 employ\u00e9 r\u00e9gie par la LSE<\/strong>\u00a0(Loi f\u00e9d\u00e9rale sur le service de l\u2019emploi et la location de services). Ensuite, en tant que salari\u00e9 Helvetic Payroll, nous vous mettons \u00e0 disposition du client pour l&rsquo;ex\u00e9cution de la mission que nous avons convenu ensemble.<\/p>\n","protected":false},"excerpt":{"rendered":"<p>Le payrolling, \u00e9galement connu sous le nom de location de services, repr\u00e9sente une forme d&#8217;emploi qui permet de travailler en tant que consultant pour les clients d&rsquo;une soci\u00e9t\u00e9 de services comme Helvetic Payroll. En Suisse, cette m\u00e9thode gagne en popularit\u00e9 en raison de sa capacit\u00e9 \u00e0 offrir une flexibilit\u00e9 de plus en plus recherch\u00e9e. Vous [&hellip;]<\/p>\n","protected":false},"author":16,"featured_media":2953,"parent":0,"menu_order":0,"comment_status":"closed","ping_status":"closed","template":"","meta":{"inline_featured_image":false,"footnotes":""},"class_list":["post-2826","page","type-page","status-publish","has-post-thumbnail","hentry"],"acf":[],"yoast_head":"<!-- This site is optimized with the Yoast SEO plugin v27.4 - https:\/\/yoast.com\/product\/yoast-seo-wordpress\/ -->\n<title>Payrolling : comment \u00e7a marche?<\/title>\n<meta name=\"description\" content=\"D\u00e9couvrez notre guide complet pour tout savoir sur le payrolling : d\u00e9finition, fonctionnement, avantages... On vous explique tout ici !\" \/>\n<meta name=\"robots\" content=\"index, follow, max-snippet:-1, max-image-preview:large, max-video-preview:-1\" \/>\n<link rel=\"canonical\" href=\"https:\/\/www.helvetic-payroll.ch\/fr\/payrolling\/\" \/>\n<meta property=\"og:locale\" content=\"fr_FR\" \/>\n<meta property=\"og:type\" content=\"article\" \/>\n<meta property=\"og:title\" content=\"Payrolling : comment \u00e7a marche?\" \/>\n<meta property=\"og:description\" content=\"D\u00e9couvrez notre guide complet pour tout savoir sur le payrolling : d\u00e9finition, fonctionnement, avantages... On vous explique tout ici !\" \/>\n<meta property=\"og:url\" content=\"https:\/\/www.helvetic-payroll.ch\/fr\/payrolling\/\" \/>\n<meta property=\"og:site_name\" content=\"Helvetic Payroll\" \/>\n<meta property=\"article:publisher\" content=\"https:\/\/www.facebook.com\/HelveticPayroll\" \/>\n<meta property=\"article:modified_time\" content=\"2026-01-21T10:48:59+00:00\" \/>\n<meta property=\"og:image\" content=\"https:\/\/www.helvetic-payroll.ch\/wp-content\/uploads\/2023\/06\/programmers-cooperating-at-it-company-developing-a-2023-05-26-01-04-37-utc.jpg\" \/>\n\t<meta property=\"og:image:width\" content=\"1000\" \/>\n\t<meta property=\"og:image:height\" content=\"667\" \/>\n\t<meta property=\"og:image:type\" content=\"image\/jpeg\" \/>\n<meta name=\"twitter:card\" content=\"summary_large_image\" \/>\n<meta name=\"twitter:site\" content=\"@HelveticPayroll\" \/>\n<meta name=\"twitter:label1\" content=\"Dur\u00e9e de lecture estim\u00e9e\" \/>\n\t<meta name=\"twitter:data1\" content=\"1 minute\" \/>\n<script type=\"application\/ld+json\" class=\"yoast-schema-graph\">{\"@context\":\"https:\\\/\\\/schema.org\",\"@graph\":[{\"@type\":\"WebPage\",\"@id\":\"https:\\\/\\\/www.helvetic-payroll.ch\\\/fr\\\/payrolling\\\/\",\"url\":\"https:\\\/\\\/www.helvetic-payroll.ch\\\/fr\\\/payrolling\\\/\",\"name\":\"Payrolling : comment \u00e7a marche?\",\"isPartOf\":{\"@id\":\"https:\\\/\\\/www.helvetic-payroll.ch\\\/fr\\\/#website\"},\"primaryImageOfPage\":{\"@id\":\"https:\\\/\\\/www.helvetic-payroll.ch\\\/fr\\\/payrolling\\\/#primaryimage\"},\"image\":{\"@id\":\"https:\\\/\\\/www.helvetic-payroll.ch\\\/fr\\\/payrolling\\\/#primaryimage\"},\"thumbnailUrl\":\"https:\\\/\\\/www.helvetic-payroll.ch\\\/wp-content\\\/uploads\\\/2023\\\/06\\\/programmers-cooperating-at-it-company-developing-a-2023-05-26-01-04-37-utc.jpg\",\"datePublished\":\"2023-04-20T08:04:43+00:00\",\"dateModified\":\"2026-01-21T10:48:59+00:00\",\"description\":\"D\u00e9couvrez notre guide complet pour tout savoir sur le payrolling : d\u00e9finition, fonctionnement, avantages... On vous explique tout ici !\",\"inLanguage\":\"fr-FR\",\"potentialAction\":[{\"@type\":\"ReadAction\",\"target\":[\"https:\\\/\\\/www.helvetic-payroll.ch\\\/fr\\\/payrolling\\\/\"]}]},{\"@type\":\"ImageObject\",\"inLanguage\":\"fr-FR\",\"@id\":\"https:\\\/\\\/www.helvetic-payroll.ch\\\/fr\\\/payrolling\\\/#primaryimage\",\"url\":\"https:\\\/\\\/www.helvetic-payroll.ch\\\/wp-content\\\/uploads\\\/2023\\\/06\\\/programmers-cooperating-at-it-company-developing-a-2023-05-26-01-04-37-utc.jpg\",\"contentUrl\":\"https:\\\/\\\/www.helvetic-payroll.ch\\\/wp-content\\\/uploads\\\/2023\\\/06\\\/programmers-cooperating-at-it-company-developing-a-2023-05-26-01-04-37-utc.jpg\",\"width\":1000,\"height\":667,\"caption\":\"Programmers cooperating at IT company developing apps. People business work office diversity concept\"},{\"@type\":\"WebSite\",\"@id\":\"https:\\\/\\\/www.helvetic-payroll.ch\\\/fr\\\/#website\",\"url\":\"https:\\\/\\\/www.helvetic-payroll.ch\\\/fr\\\/\",\"name\":\"Helvetic Payroll\",\"description\":\"\",\"publisher\":{\"@id\":\"https:\\\/\\\/www.helvetic-payroll.ch\\\/fr\\\/#organization\"},\"potentialAction\":[{\"@type\":\"SearchAction\",\"target\":{\"@type\":\"EntryPoint\",\"urlTemplate\":\"https:\\\/\\\/www.helvetic-payroll.ch\\\/fr\\\/?s={search_term_string}\"},\"query-input\":{\"@type\":\"PropertyValueSpecification\",\"valueRequired\":true,\"valueName\":\"search_term_string\"}}],\"inLanguage\":\"fr-FR\"},{\"@type\":\"Organization\",\"@id\":\"https:\\\/\\\/www.helvetic-payroll.ch\\\/fr\\\/#organization\",\"name\":\"Helvetic Payroll\",\"url\":\"https:\\\/\\\/www.helvetic-payroll.ch\\\/fr\\\/\",\"logo\":{\"@type\":\"ImageObject\",\"inLanguage\":\"fr-FR\",\"@id\":\"https:\\\/\\\/www.helvetic-payroll.ch\\\/fr\\\/#\\\/schema\\\/logo\\\/image\\\/\",\"url\":\"https:\\\/\\\/www.helvetic-payroll.ch\\\/wp-content\\\/uploads\\\/2025\\\/07\\\/HP-Logo-couleur-scaled.png\",\"contentUrl\":\"https:\\\/\\\/www.helvetic-payroll.ch\\\/wp-content\\\/uploads\\\/2025\\\/07\\\/HP-Logo-couleur-scaled.png\",\"width\":2560,\"height\":1204,\"caption\":\"Helvetic Payroll\"},\"image\":{\"@id\":\"https:\\\/\\\/www.helvetic-payroll.ch\\\/fr\\\/#\\\/schema\\\/logo\\\/image\\\/\"},\"sameAs\":[\"https:\\\/\\\/www.facebook.com\\\/HelveticPayroll\",\"https:\\\/\\\/x.com\\\/HelveticPayroll\"]}]}<\/script>\n<!-- \/ Yoast SEO plugin. -->","yoast_head_json":{"title":"Payrolling : comment \u00e7a marche?","description":"D\u00e9couvrez notre guide complet pour tout savoir sur le payrolling : d\u00e9finition, fonctionnement, avantages... On vous explique tout ici !","robots":{"index":"index","follow":"follow","max-snippet":"max-snippet:-1","max-image-preview":"max-image-preview:large","max-video-preview":"max-video-preview:-1"},"canonical":"https:\/\/www.helvetic-payroll.ch\/fr\/payrolling\/","og_locale":"fr_FR","og_type":"article","og_title":"Payrolling : comment \u00e7a marche?","og_description":"D\u00e9couvrez notre guide complet pour tout savoir sur le payrolling : d\u00e9finition, fonctionnement, avantages... On vous explique tout ici !","og_url":"https:\/\/www.helvetic-payroll.ch\/fr\/payrolling\/","og_site_name":"Helvetic Payroll","article_publisher":"https:\/\/www.facebook.com\/HelveticPayroll","article_modified_time":"2026-01-21T10:48:59+00:00","og_image":[{"width":1000,"height":667,"url":"https:\/\/www.helvetic-payroll.ch\/wp-content\/uploads\/2023\/06\/programmers-cooperating-at-it-company-developing-a-2023-05-26-01-04-37-utc.jpg","type":"image\/jpeg"}],"twitter_card":"summary_large_image","twitter_site":"@HelveticPayroll","twitter_misc":{"Dur\u00e9e de lecture estim\u00e9e":"1 minute"},"schema":{"@context":"https:\/\/schema.org","@graph":[{"@type":"WebPage","@id":"https:\/\/www.helvetic-payroll.ch\/fr\/payrolling\/","url":"https:\/\/www.helvetic-payroll.ch\/fr\/payrolling\/","name":"Payrolling : comment \u00e7a marche?","isPartOf":{"@id":"https:\/\/www.helvetic-payroll.ch\/fr\/#website"},"primaryImageOfPage":{"@id":"https:\/\/www.helvetic-payroll.ch\/fr\/payrolling\/#primaryimage"},"image":{"@id":"https:\/\/www.helvetic-payroll.ch\/fr\/payrolling\/#primaryimage"},"thumbnailUrl":"https:\/\/www.helvetic-payroll.ch\/wp-content\/uploads\/2023\/06\/programmers-cooperating-at-it-company-developing-a-2023-05-26-01-04-37-utc.jpg","datePublished":"2023-04-20T08:04:43+00:00","dateModified":"2026-01-21T10:48:59+00:00","description":"D\u00e9couvrez notre guide complet pour tout savoir sur le payrolling : d\u00e9finition, fonctionnement, avantages... On vous explique tout ici !","inLanguage":"fr-FR","potentialAction":[{"@type":"ReadAction","target":["https:\/\/www.helvetic-payroll.ch\/fr\/payrolling\/"]}]},{"@type":"ImageObject","inLanguage":"fr-FR","@id":"https:\/\/www.helvetic-payroll.ch\/fr\/payrolling\/#primaryimage","url":"https:\/\/www.helvetic-payroll.ch\/wp-content\/uploads\/2023\/06\/programmers-cooperating-at-it-company-developing-a-2023-05-26-01-04-37-utc.jpg","contentUrl":"https:\/\/www.helvetic-payroll.ch\/wp-content\/uploads\/2023\/06\/programmers-cooperating-at-it-company-developing-a-2023-05-26-01-04-37-utc.jpg","width":1000,"height":667,"caption":"Programmers cooperating at IT company developing apps. People business work office diversity concept"},{"@type":"WebSite","@id":"https:\/\/www.helvetic-payroll.ch\/fr\/#website","url":"https:\/\/www.helvetic-payroll.ch\/fr\/","name":"Helvetic Payroll","description":"","publisher":{"@id":"https:\/\/www.helvetic-payroll.ch\/fr\/#organization"},"potentialAction":[{"@type":"SearchAction","target":{"@type":"EntryPoint","urlTemplate":"https:\/\/www.helvetic-payroll.ch\/fr\/?s={search_term_string}"},"query-input":{"@type":"PropertyValueSpecification","valueRequired":true,"valueName":"search_term_string"}}],"inLanguage":"fr-FR"},{"@type":"Organization","@id":"https:\/\/www.helvetic-payroll.ch\/fr\/#organization","name":"Helvetic Payroll","url":"https:\/\/www.helvetic-payroll.ch\/fr\/","logo":{"@type":"ImageObject","inLanguage":"fr-FR","@id":"https:\/\/www.helvetic-payroll.ch\/fr\/#\/schema\/logo\/image\/","url":"https:\/\/www.helvetic-payroll.ch\/wp-content\/uploads\/2025\/07\/HP-Logo-couleur-scaled.png","contentUrl":"https:\/\/www.helvetic-payroll.ch\/wp-content\/uploads\/2025\/07\/HP-Logo-couleur-scaled.png","width":2560,"height":1204,"caption":"Helvetic Payroll"},"image":{"@id":"https:\/\/www.helvetic-payroll.ch\/fr\/#\/schema\/logo\/image\/"},"sameAs":["https:\/\/www.facebook.com\/HelveticPayroll","https:\/\/x.com\/HelveticPayroll"]}]}},"_links":{"self":[{"href":"https:\/\/www.helvetic-payroll.ch\/fr\/wp-json\/wp\/v2\/pages\/2826","targetHints":{"allow":["GET"]}}],"collection":[{"href":"https:\/\/www.helvetic-payroll.ch\/fr\/wp-json\/wp\/v2\/pages"}],"about":[{"href":"https:\/\/www.helvetic-payroll.ch\/fr\/wp-json\/wp\/v2\/types\/page"}],"author":[{"embeddable":true,"href":"https:\/\/www.helvetic-payroll.ch\/fr\/wp-json\/wp\/v2\/users\/16"}],"replies":[{"embeddable":true,"href":"https:\/\/www.helvetic-payroll.ch\/fr\/wp-json\/wp\/v2\/comments?post=2826"}],"version-history":[{"count":0,"href":"https:\/\/www.helvetic-payroll.ch\/fr\/wp-json\/wp\/v2\/pages\/2826\/revisions"}],"wp:featuredmedia":[{"embeddable":true,"href":"https:\/\/www.helvetic-payroll.ch\/fr\/wp-json\/wp\/v2\/media\/2953"}],"wp:attachment":[{"href":"https:\/\/www.helvetic-payroll.ch\/fr\/wp-json\/wp\/v2\/media?parent=2826"}],"curies":[{"name":"wp","href":"https:\/\/api.w.org\/{rel}","templated":true}]}}