{"id":2885,"date":"2023-05-01T18:46:16","date_gmt":"2023-05-01T16:46:16","guid":{"rendered":"https:\/\/www.helvetic-payroll.ch\/?page_id=2885"},"modified":"2025-12-12T10:27:29","modified_gmt":"2025-12-12T09:27:29","slug":"le-groupe-freelance-com","status":"publish","type":"page","link":"https:\/\/www.helvetic-payroll.ch\/fr\/le-groupe-freelance-com\/","title":{"rendered":"Le groupe Freelance.com"},"content":{"rendered":"\n<p>Faire le choix d&rsquo;Helvetic Payroll, c\u2019est appartenir au Groupe <a href=\"https:\/\/www.freelance.com\/\">Freelance.com<\/a>, leader de la prestation intellectuelle.<\/p>\n\n\n\n<p><\/p>\n","protected":false},"excerpt":{"rendered":"<p>Faire le choix d&rsquo;Helvetic Payroll, c\u2019est appartenir au Groupe Freelance.com, leader de la prestation intellectuelle.<\/p>\n","protected":false},"author":9,"featured_media":0,"parent":0,"menu_order":0,"comment_status":"closed","ping_status":"closed","template":"","meta":{"inline_featured_image":false,"footnotes":""},"class_list":["post-2885","page","type-page","status-publish","hentry"],"acf":[],"yoast_head":"<!-- This site is optimized with the Yoast SEO plugin v27.3 - https:\/\/yoast.com\/product\/yoast-seo-wordpress\/ -->\n<title>La gestion de ressources humaines by Freelance.com<\/title>\n<meta name=\"description\" content=\"D\u00e9couvrez le groupe Freelance.com, leader fran\u00e7ais de l&#039;interm\u00e9diation entre entreprise \u00e9tendue et experts fran\u00e7ais de tous domaines !\" \/>\n<meta name=\"robots\" content=\"noindex, follow\" \/>\n<meta property=\"og:locale\" content=\"fr_FR\" \/>\n<meta property=\"og:type\" content=\"article\" \/>\n<meta property=\"og:title\" content=\"La gestion de ressources humaines by Freelance.com\" \/>\n<meta property=\"og:description\" content=\"D\u00e9couvrez le groupe Freelance.com, leader fran\u00e7ais de l&#039;interm\u00e9diation entre entreprise \u00e9tendue et experts fran\u00e7ais de tous domaines !\" \/>\n<meta property=\"og:url\" content=\"https:\/\/www.helvetic-payroll.ch\/fr\/le-groupe-freelance-com\/\" \/>\n<meta property=\"og:site_name\" content=\"Helvetic Payroll\" \/>\n<meta property=\"article:publisher\" content=\"https:\/\/www.facebook.com\/HelveticPayroll\" \/>\n<meta property=\"article:modified_time\" content=\"2025-12-12T09:27:29+00:00\" \/>\n<meta name=\"twitter:card\" content=\"summary_large_image\" \/>\n<meta name=\"twitter:site\" content=\"@HelveticPayroll\" \/>\n<meta name=\"twitter:label1\" content=\"Dur\u00e9e de lecture estim\u00e9e\" \/>\n\t<meta name=\"twitter:data1\" content=\"1 minute\" \/>\n<script type=\"application\/ld+json\" class=\"yoast-schema-graph\">{\"@context\":\"https:\\\/\\\/schema.org\",\"@graph\":[{\"@type\":\"WebPage\",\"@id\":\"https:\\\/\\\/www.helvetic-payroll.ch\\\/fr\\\/le-groupe-freelance-com\\\/\",\"url\":\"https:\\\/\\\/www.helvetic-payroll.ch\\\/fr\\\/le-groupe-freelance-com\\\/\",\"name\":\"La gestion de ressources humaines by Freelance.com\",\"isPartOf\":{\"@id\":\"https:\\\/\\\/www.helvetic-payroll.ch\\\/fr\\\/#website\"},\"datePublished\":\"2023-05-01T16:46:16+00:00\",\"dateModified\":\"2025-12-12T09:27:29+00:00\",\"description\":\"D\u00e9couvrez le groupe Freelance.com, leader fran\u00e7ais de l'interm\u00e9diation entre entreprise \u00e9tendue et experts fran\u00e7ais de tous domaines !\",\"inLanguage\":\"fr-FR\",\"potentialAction\":[{\"@type\":\"ReadAction\",\"target\":[\"https:\\\/\\\/www.helvetic-payroll.ch\\\/fr\\\/le-groupe-freelance-com\\\/\"]}]},{\"@type\":\"WebSite\",\"@id\":\"https:\\\/\\\/www.helvetic-payroll.ch\\\/fr\\\/#website\",\"url\":\"https:\\\/\\\/www.helvetic-payroll.ch\\\/fr\\\/\",\"name\":\"Helvetic Payroll\",\"description\":\"\",\"publisher\":{\"@id\":\"https:\\\/\\\/www.helvetic-payroll.ch\\\/fr\\\/#organization\"},\"potentialAction\":[{\"@type\":\"SearchAction\",\"target\":{\"@type\":\"EntryPoint\",\"urlTemplate\":\"https:\\\/\\\/www.helvetic-payroll.ch\\\/fr\\\/?s={search_term_string}\"},\"query-input\":{\"@type\":\"PropertyValueSpecification\",\"valueRequired\":true,\"valueName\":\"search_term_string\"}}],\"inLanguage\":\"fr-FR\"},{\"@type\":\"Organization\",\"@id\":\"https:\\\/\\\/www.helvetic-payroll.ch\\\/fr\\\/#organization\",\"name\":\"Helvetic Payroll\",\"url\":\"https:\\\/\\\/www.helvetic-payroll.ch\\\/fr\\\/\",\"logo\":{\"@type\":\"ImageObject\",\"inLanguage\":\"fr-FR\",\"@id\":\"https:\\\/\\\/www.helvetic-payroll.ch\\\/fr\\\/#\\\/schema\\\/logo\\\/image\\\/\",\"url\":\"https:\\\/\\\/www.helvetic-payroll.ch\\\/wp-content\\\/uploads\\\/2025\\\/07\\\/HP-Logo-couleur-scaled.png\",\"contentUrl\":\"https:\\\/\\\/www.helvetic-payroll.ch\\\/wp-content\\\/uploads\\\/2025\\\/07\\\/HP-Logo-couleur-scaled.png\",\"width\":2560,\"height\":1204,\"caption\":\"Helvetic Payroll\"},\"image\":{\"@id\":\"https:\\\/\\\/www.helvetic-payroll.ch\\\/fr\\\/#\\\/schema\\\/logo\\\/image\\\/\"},\"sameAs\":[\"https:\\\/\\\/www.facebook.com\\\/HelveticPayroll\",\"https:\\\/\\\/x.com\\\/HelveticPayroll\"]}]}<\/script>\n<!-- \/ Yoast SEO plugin. -->","yoast_head_json":{"title":"La gestion de ressources humaines by Freelance.com","description":"D\u00e9couvrez le groupe Freelance.com, leader fran\u00e7ais de l'interm\u00e9diation entre entreprise \u00e9tendue et experts fran\u00e7ais de tous domaines !","robots":{"index":"noindex","follow":"follow"},"og_locale":"fr_FR","og_type":"article","og_title":"La gestion de ressources humaines by Freelance.com","og_description":"D\u00e9couvrez le groupe Freelance.com, leader fran\u00e7ais de l'interm\u00e9diation entre entreprise \u00e9tendue et experts fran\u00e7ais de tous domaines !","og_url":"https:\/\/www.helvetic-payroll.ch\/fr\/le-groupe-freelance-com\/","og_site_name":"Helvetic Payroll","article_publisher":"https:\/\/www.facebook.com\/HelveticPayroll","article_modified_time":"2025-12-12T09:27:29+00:00","twitter_card":"summary_large_image","twitter_site":"@HelveticPayroll","twitter_misc":{"Dur\u00e9e de lecture estim\u00e9e":"1 minute"},"schema":{"@context":"https:\/\/schema.org","@graph":[{"@type":"WebPage","@id":"https:\/\/www.helvetic-payroll.ch\/fr\/le-groupe-freelance-com\/","url":"https:\/\/www.helvetic-payroll.ch\/fr\/le-groupe-freelance-com\/","name":"La gestion de ressources humaines by Freelance.com","isPartOf":{"@id":"https:\/\/www.helvetic-payroll.ch\/fr\/#website"},"datePublished":"2023-05-01T16:46:16+00:00","dateModified":"2025-12-12T09:27:29+00:00","description":"D\u00e9couvrez le groupe Freelance.com, leader fran\u00e7ais de l'interm\u00e9diation entre entreprise \u00e9tendue et experts fran\u00e7ais de tous domaines !","inLanguage":"fr-FR","potentialAction":[{"@type":"ReadAction","target":["https:\/\/www.helvetic-payroll.ch\/fr\/le-groupe-freelance-com\/"]}]},{"@type":"WebSite","@id":"https:\/\/www.helvetic-payroll.ch\/fr\/#website","url":"https:\/\/www.helvetic-payroll.ch\/fr\/","name":"Helvetic Payroll","description":"","publisher":{"@id":"https:\/\/www.helvetic-payroll.ch\/fr\/#organization"},"potentialAction":[{"@type":"SearchAction","target":{"@type":"EntryPoint","urlTemplate":"https:\/\/www.helvetic-payroll.ch\/fr\/?s={search_term_string}"},"query-input":{"@type":"PropertyValueSpecification","valueRequired":true,"valueName":"search_term_string"}}],"inLanguage":"fr-FR"},{"@type":"Organization","@id":"https:\/\/www.helvetic-payroll.ch\/fr\/#organization","name":"Helvetic Payroll","url":"https:\/\/www.helvetic-payroll.ch\/fr\/","logo":{"@type":"ImageObject","inLanguage":"fr-FR","@id":"https:\/\/www.helvetic-payroll.ch\/fr\/#\/schema\/logo\/image\/","url":"https:\/\/www.helvetic-payroll.ch\/wp-content\/uploads\/2025\/07\/HP-Logo-couleur-scaled.png","contentUrl":"https:\/\/www.helvetic-payroll.ch\/wp-content\/uploads\/2025\/07\/HP-Logo-couleur-scaled.png","width":2560,"height":1204,"caption":"Helvetic Payroll"},"image":{"@id":"https:\/\/www.helvetic-payroll.ch\/fr\/#\/schema\/logo\/image\/"},"sameAs":["https:\/\/www.facebook.com\/HelveticPayroll","https:\/\/x.com\/HelveticPayroll"]}]}},"_links":{"self":[{"href":"https:\/\/www.helvetic-payroll.ch\/fr\/wp-json\/wp\/v2\/pages\/2885","targetHints":{"allow":["GET"]}}],"collection":[{"href":"https:\/\/www.helvetic-payroll.ch\/fr\/wp-json\/wp\/v2\/pages"}],"about":[{"href":"https:\/\/www.helvetic-payroll.ch\/fr\/wp-json\/wp\/v2\/types\/page"}],"author":[{"embeddable":true,"href":"https:\/\/www.helvetic-payroll.ch\/fr\/wp-json\/wp\/v2\/users\/9"}],"replies":[{"embeddable":true,"href":"https:\/\/www.helvetic-payroll.ch\/fr\/wp-json\/wp\/v2\/comments?post=2885"}],"version-history":[{"count":0,"href":"https:\/\/www.helvetic-payroll.ch\/fr\/wp-json\/wp\/v2\/pages\/2885\/revisions"}],"wp:attachment":[{"href":"https:\/\/www.helvetic-payroll.ch\/fr\/wp-json\/wp\/v2\/media?parent=2885"}],"curies":[{"name":"wp","href":"https:\/\/api.w.org\/{rel}","templated":true}]}}