{"id":2887,"date":"2023-05-01T19:23:02","date_gmt":"2023-05-01T17:23:02","guid":{"rendered":"https:\/\/www.helvetic-payroll.ch\/?page_id=2887"},"modified":"2026-03-18T10:43:40","modified_gmt":"2026-03-18T09:43:40","slug":"qui-sommes-nous","status":"publish","type":"page","link":"https:\/\/www.helvetic-payroll.ch\/fr\/qui-sommes-nous\/","title":{"rendered":"Qui sommes-nous ?"},"content":{"rendered":"\n<p>Fond\u00e9 en 2010, Helvetic Payroll est le leader suisse du payrolling, du consulting et sourcing de talents, et de l&rsquo;externalisation de la paie. Nous accompagnons entreprises et consultants externes avec des solutions d\u2019emploi modernes, flexibles et simples \u00e0 mettre en \u0153uvre, pour faciliter leur quotidien.<\/p>\n\n\n\n<p>Pr\u00e9sent sur ce march\u00e9 <strong>depuis + de 16 ans<\/strong> \u00e0 Gen\u00e8ve et Z\u00fcrich, notre rayonnement national nous permet de b\u00e9n\u00e9ficier d\u2019une relation de proximit\u00e9 sur l\u2019ensemble des bassins d\u2019emploi en Suisse.<\/p>\n\n\n\n<p><\/p>\n\n\n\n<figure class=\"wp-block-image size-large\"><img decoding=\"async\" width=\"1800\" height=\"964\" src=\"https:\/\/www.helvetic-payroll.ch\/wp-content\/uploads\/2023\/09\/xDSC_0417-1800x964.png\" alt=\"a propos Helvetic Payroll\" class=\"wp-image-4070\" srcset=\"https:\/\/www.helvetic-payroll.ch\/wp-content\/uploads\/2023\/09\/xDSC_0417-1800x964.png 1800w, https:\/\/www.helvetic-payroll.ch\/wp-content\/uploads\/2023\/09\/xDSC_0417-500x268.png 500w, https:\/\/www.helvetic-payroll.ch\/wp-content\/uploads\/2023\/09\/xDSC_0417-768x411.png 768w, https:\/\/www.helvetic-payroll.ch\/wp-content\/uploads\/2023\/09\/xDSC_0417-1536x823.png 1536w, https:\/\/www.helvetic-payroll.ch\/wp-content\/uploads\/2023\/09\/xDSC_0417.png 2000w\" sizes=\"(max-width: 1800px) 100vw, 1800px\" \/><\/figure>\n","protected":false},"excerpt":{"rendered":"<p>Fond\u00e9 en 2010, Helvetic Payroll est le leader suisse du payrolling, du consulting et sourcing de talents, et de l&rsquo;externalisation de la paie. Nous accompagnons entreprises et consultants externes avec des solutions d\u2019emploi modernes, flexibles et simples \u00e0 mettre en \u0153uvre, pour faciliter leur quotidien. Pr\u00e9sent sur ce march\u00e9 depuis + de 16 ans \u00e0 [&hellip;]<\/p>\n","protected":false},"author":16,"featured_media":0,"parent":0,"menu_order":0,"comment_status":"closed","ping_status":"closed","template":"","meta":{"inline_featured_image":false,"footnotes":""},"class_list":["post-2887","page","type-page","status-publish","hentry"],"acf":[],"yoast_head":"<!-- This site is optimized with the Yoast SEO plugin v27.5 - https:\/\/yoast.com\/product\/yoast-seo-wordpress\/ -->\n<title>A propos - Helvetic Payroll<\/title>\n<meta name=\"description\" content=\"Helvetic Payroll est le leader du Payrolling en Suisse! Depuis 2021, nous faisons partie du groupe Freelance.com.\" \/>\n<meta name=\"robots\" content=\"index, follow, max-snippet:-1, max-image-preview:large, max-video-preview:-1\" \/>\n<link rel=\"canonical\" href=\"https:\/\/www.helvetic-payroll.ch\/fr\/qui-sommes-nous\/\" \/>\n<meta property=\"og:locale\" content=\"fr_FR\" \/>\n<meta property=\"og:type\" content=\"article\" \/>\n<meta property=\"og:title\" content=\"A propos - Helvetic Payroll\" \/>\n<meta property=\"og:description\" content=\"Helvetic Payroll est le leader du Payrolling en Suisse! Depuis 2021, nous faisons partie du groupe Freelance.com.\" \/>\n<meta property=\"og:url\" content=\"https:\/\/www.helvetic-payroll.ch\/fr\/qui-sommes-nous\/\" \/>\n<meta property=\"og:site_name\" content=\"Helvetic Payroll\" \/>\n<meta property=\"article:publisher\" content=\"https:\/\/www.facebook.com\/HelveticPayroll\" \/>\n<meta property=\"article:modified_time\" content=\"2026-03-18T09:43:40+00:00\" \/>\n<meta property=\"og:image\" content=\"https:\/\/www.helvetic-payroll.ch\/wp-content\/uploads\/2023\/09\/xDSC_0417-768x411.png\" \/>\n\t<meta property=\"og:image:width\" content=\"768\" \/>\n\t<meta property=\"og:image:height\" content=\"411\" \/>\n\t<meta property=\"og:image:type\" content=\"image\/png\" \/>\n<meta name=\"twitter:card\" content=\"summary_large_image\" \/>\n<meta name=\"twitter:site\" content=\"@HelveticPayroll\" \/>\n<meta name=\"twitter:label1\" content=\"Dur\u00e9e de lecture estim\u00e9e\" \/>\n\t<meta name=\"twitter:data1\" content=\"1 minute\" \/>\n<script type=\"application\/ld+json\" class=\"yoast-schema-graph\">{\"@context\":\"https:\\\/\\\/schema.org\",\"@graph\":[{\"@type\":\"WebPage\",\"@id\":\"https:\\\/\\\/www.helvetic-payroll.ch\\\/fr\\\/qui-sommes-nous\\\/\",\"url\":\"https:\\\/\\\/www.helvetic-payroll.ch\\\/fr\\\/qui-sommes-nous\\\/\",\"name\":\"A propos - Helvetic Payroll\",\"isPartOf\":{\"@id\":\"https:\\\/\\\/www.helvetic-payroll.ch\\\/fr\\\/#website\"},\"primaryImageOfPage\":{\"@id\":\"https:\\\/\\\/www.helvetic-payroll.ch\\\/fr\\\/qui-sommes-nous\\\/#primaryimage\"},\"image\":{\"@id\":\"https:\\\/\\\/www.helvetic-payroll.ch\\\/fr\\\/qui-sommes-nous\\\/#primaryimage\"},\"thumbnailUrl\":\"https:\\\/\\\/www.helvetic-payroll.ch\\\/wp-content\\\/uploads\\\/2023\\\/09\\\/xDSC_0417-1800x964.png\",\"datePublished\":\"2023-05-01T17:23:02+00:00\",\"dateModified\":\"2026-03-18T09:43:40+00:00\",\"description\":\"Helvetic Payroll est le leader du Payrolling en Suisse! Depuis 2021, nous faisons partie du groupe Freelance.com.\",\"inLanguage\":\"fr-FR\",\"potentialAction\":[{\"@type\":\"ReadAction\",\"target\":[\"https:\\\/\\\/www.helvetic-payroll.ch\\\/fr\\\/qui-sommes-nous\\\/\"]}]},{\"@type\":\"ImageObject\",\"inLanguage\":\"fr-FR\",\"@id\":\"https:\\\/\\\/www.helvetic-payroll.ch\\\/fr\\\/qui-sommes-nous\\\/#primaryimage\",\"url\":\"https:\\\/\\\/www.helvetic-payroll.ch\\\/wp-content\\\/uploads\\\/2023\\\/09\\\/xDSC_0417-1800x964.png\",\"contentUrl\":\"https:\\\/\\\/www.helvetic-payroll.ch\\\/wp-content\\\/uploads\\\/2023\\\/09\\\/xDSC_0417-1800x964.png\"},{\"@type\":\"WebSite\",\"@id\":\"https:\\\/\\\/www.helvetic-payroll.ch\\\/fr\\\/#website\",\"url\":\"https:\\\/\\\/www.helvetic-payroll.ch\\\/fr\\\/\",\"name\":\"Helvetic Payroll\",\"description\":\"\",\"publisher\":{\"@id\":\"https:\\\/\\\/www.helvetic-payroll.ch\\\/fr\\\/#organization\"},\"potentialAction\":[{\"@type\":\"SearchAction\",\"target\":{\"@type\":\"EntryPoint\",\"urlTemplate\":\"https:\\\/\\\/www.helvetic-payroll.ch\\\/fr\\\/?s={search_term_string}\"},\"query-input\":{\"@type\":\"PropertyValueSpecification\",\"valueRequired\":true,\"valueName\":\"search_term_string\"}}],\"inLanguage\":\"fr-FR\"},{\"@type\":\"Organization\",\"@id\":\"https:\\\/\\\/www.helvetic-payroll.ch\\\/fr\\\/#organization\",\"name\":\"Helvetic Payroll\",\"url\":\"https:\\\/\\\/www.helvetic-payroll.ch\\\/fr\\\/\",\"logo\":{\"@type\":\"ImageObject\",\"inLanguage\":\"fr-FR\",\"@id\":\"https:\\\/\\\/www.helvetic-payroll.ch\\\/fr\\\/#\\\/schema\\\/logo\\\/image\\\/\",\"url\":\"https:\\\/\\\/www.helvetic-payroll.ch\\\/wp-content\\\/uploads\\\/2025\\\/07\\\/HP-Logo-couleur-scaled.png\",\"contentUrl\":\"https:\\\/\\\/www.helvetic-payroll.ch\\\/wp-content\\\/uploads\\\/2025\\\/07\\\/HP-Logo-couleur-scaled.png\",\"width\":2560,\"height\":1204,\"caption\":\"Helvetic Payroll\"},\"image\":{\"@id\":\"https:\\\/\\\/www.helvetic-payroll.ch\\\/fr\\\/#\\\/schema\\\/logo\\\/image\\\/\"},\"sameAs\":[\"https:\\\/\\\/www.facebook.com\\\/HelveticPayroll\",\"https:\\\/\\\/x.com\\\/HelveticPayroll\"]}]}<\/script>\n<!-- \/ Yoast SEO plugin. -->","yoast_head_json":{"title":"A propos - Helvetic Payroll","description":"Helvetic Payroll est le leader du Payrolling en Suisse! Depuis 2021, nous faisons partie du groupe Freelance.com.","robots":{"index":"index","follow":"follow","max-snippet":"max-snippet:-1","max-image-preview":"max-image-preview:large","max-video-preview":"max-video-preview:-1"},"canonical":"https:\/\/www.helvetic-payroll.ch\/fr\/qui-sommes-nous\/","og_locale":"fr_FR","og_type":"article","og_title":"A propos - Helvetic Payroll","og_description":"Helvetic Payroll est le leader du Payrolling en Suisse! Depuis 2021, nous faisons partie du groupe Freelance.com.","og_url":"https:\/\/www.helvetic-payroll.ch\/fr\/qui-sommes-nous\/","og_site_name":"Helvetic Payroll","article_publisher":"https:\/\/www.facebook.com\/HelveticPayroll","article_modified_time":"2026-03-18T09:43:40+00:00","og_image":[{"width":768,"height":411,"url":"https:\/\/www.helvetic-payroll.ch\/wp-content\/uploads\/2023\/09\/xDSC_0417-768x411.png","type":"image\/png"}],"twitter_card":"summary_large_image","twitter_site":"@HelveticPayroll","twitter_misc":{"Dur\u00e9e de lecture estim\u00e9e":"1 minute"},"schema":{"@context":"https:\/\/schema.org","@graph":[{"@type":"WebPage","@id":"https:\/\/www.helvetic-payroll.ch\/fr\/qui-sommes-nous\/","url":"https:\/\/www.helvetic-payroll.ch\/fr\/qui-sommes-nous\/","name":"A propos - Helvetic Payroll","isPartOf":{"@id":"https:\/\/www.helvetic-payroll.ch\/fr\/#website"},"primaryImageOfPage":{"@id":"https:\/\/www.helvetic-payroll.ch\/fr\/qui-sommes-nous\/#primaryimage"},"image":{"@id":"https:\/\/www.helvetic-payroll.ch\/fr\/qui-sommes-nous\/#primaryimage"},"thumbnailUrl":"https:\/\/www.helvetic-payroll.ch\/wp-content\/uploads\/2023\/09\/xDSC_0417-1800x964.png","datePublished":"2023-05-01T17:23:02+00:00","dateModified":"2026-03-18T09:43:40+00:00","description":"Helvetic Payroll est le leader du Payrolling en Suisse! Depuis 2021, nous faisons partie du groupe Freelance.com.","inLanguage":"fr-FR","potentialAction":[{"@type":"ReadAction","target":["https:\/\/www.helvetic-payroll.ch\/fr\/qui-sommes-nous\/"]}]},{"@type":"ImageObject","inLanguage":"fr-FR","@id":"https:\/\/www.helvetic-payroll.ch\/fr\/qui-sommes-nous\/#primaryimage","url":"https:\/\/www.helvetic-payroll.ch\/wp-content\/uploads\/2023\/09\/xDSC_0417-1800x964.png","contentUrl":"https:\/\/www.helvetic-payroll.ch\/wp-content\/uploads\/2023\/09\/xDSC_0417-1800x964.png"},{"@type":"WebSite","@id":"https:\/\/www.helvetic-payroll.ch\/fr\/#website","url":"https:\/\/www.helvetic-payroll.ch\/fr\/","name":"Helvetic Payroll","description":"","publisher":{"@id":"https:\/\/www.helvetic-payroll.ch\/fr\/#organization"},"potentialAction":[{"@type":"SearchAction","target":{"@type":"EntryPoint","urlTemplate":"https:\/\/www.helvetic-payroll.ch\/fr\/?s={search_term_string}"},"query-input":{"@type":"PropertyValueSpecification","valueRequired":true,"valueName":"search_term_string"}}],"inLanguage":"fr-FR"},{"@type":"Organization","@id":"https:\/\/www.helvetic-payroll.ch\/fr\/#organization","name":"Helvetic Payroll","url":"https:\/\/www.helvetic-payroll.ch\/fr\/","logo":{"@type":"ImageObject","inLanguage":"fr-FR","@id":"https:\/\/www.helvetic-payroll.ch\/fr\/#\/schema\/logo\/image\/","url":"https:\/\/www.helvetic-payroll.ch\/wp-content\/uploads\/2025\/07\/HP-Logo-couleur-scaled.png","contentUrl":"https:\/\/www.helvetic-payroll.ch\/wp-content\/uploads\/2025\/07\/HP-Logo-couleur-scaled.png","width":2560,"height":1204,"caption":"Helvetic Payroll"},"image":{"@id":"https:\/\/www.helvetic-payroll.ch\/fr\/#\/schema\/logo\/image\/"},"sameAs":["https:\/\/www.facebook.com\/HelveticPayroll","https:\/\/x.com\/HelveticPayroll"]}]}},"_links":{"self":[{"href":"https:\/\/www.helvetic-payroll.ch\/fr\/wp-json\/wp\/v2\/pages\/2887","targetHints":{"allow":["GET"]}}],"collection":[{"href":"https:\/\/www.helvetic-payroll.ch\/fr\/wp-json\/wp\/v2\/pages"}],"about":[{"href":"https:\/\/www.helvetic-payroll.ch\/fr\/wp-json\/wp\/v2\/types\/page"}],"author":[{"embeddable":true,"href":"https:\/\/www.helvetic-payroll.ch\/fr\/wp-json\/wp\/v2\/users\/16"}],"replies":[{"embeddable":true,"href":"https:\/\/www.helvetic-payroll.ch\/fr\/wp-json\/wp\/v2\/comments?post=2887"}],"version-history":[{"count":0,"href":"https:\/\/www.helvetic-payroll.ch\/fr\/wp-json\/wp\/v2\/pages\/2887\/revisions"}],"wp:attachment":[{"href":"https:\/\/www.helvetic-payroll.ch\/fr\/wp-json\/wp\/v2\/media?parent=2887"}],"curies":[{"name":"wp","href":"https:\/\/api.w.org\/{rel}","templated":true}]}}