{"id":2907,"date":"2023-05-15T10:25:44","date_gmt":"2023-05-15T08:25:44","guid":{"rendered":"https:\/\/www.helvetic-payroll.ch\/?page_id=2907"},"modified":"2023-06-09T12:12:25","modified_gmt":"2023-06-09T10:12:25","slug":"nos-engagements-rse","status":"publish","type":"page","link":"https:\/\/www.helvetic-payroll.ch\/fr\/nos-engagements-rse\/","title":{"rendered":"Nos engagements RSE"},"content":{"rendered":"\n<p><a href=\"https:\/\/www.helvetic-payroll.ch\/fr\/qui-sommes-nous\/\">Helvetic Payroll<\/a> veut prouver qu\u2019une attitude <strong>\u00e9cologiquement responsable<\/strong> est compatible avec la croissance saine d\u2019une entreprise. Ainsi, Helvetic Payroll agit localement sur les sujets suivants\u202f:<\/p>\n","protected":false},"excerpt":{"rendered":"<p>Helvetic Payroll veut prouver qu\u2019une attitude \u00e9cologiquement responsable est compatible avec la croissance saine d\u2019une entreprise. Ainsi, Helvetic Payroll agit localement sur les sujets suivants\u202f:<\/p>\n","protected":false},"author":9,"featured_media":0,"parent":0,"menu_order":0,"comment_status":"closed","ping_status":"closed","template":"","meta":{"inline_featured_image":false,"footnotes":""},"class_list":["post-2907","page","type-page","status-publish","hentry"],"acf":[],"yoast_head":"<!-- This site is optimized with the Yoast SEO plugin v27.5 - https:\/\/yoast.com\/product\/yoast-seo-wordpress\/ -->\n<title>Nos engagements RSE - Helvetic Payroll<\/title>\n<meta name=\"description\" content=\"Chez Helvetic Payroll, la croissance durable est au centre de nos pr\u00e9occupations. D\u00e9couvrez l&#039;ensemble de nos engagements environnementaux et soci\u00e9taux.\" \/>\n<meta name=\"robots\" content=\"index, follow, max-snippet:-1, max-image-preview:large, max-video-preview:-1\" \/>\n<link rel=\"canonical\" href=\"https:\/\/www.helvetic-payroll.ch\/fr\/nos-engagements-rse\/\" \/>\n<meta property=\"og:locale\" content=\"fr_FR\" \/>\n<meta property=\"og:type\" content=\"article\" \/>\n<meta property=\"og:title\" content=\"Nos engagements RSE - Helvetic Payroll\" \/>\n<meta property=\"og:description\" content=\"Chez Helvetic Payroll, la croissance durable est au centre de nos pr\u00e9occupations. D\u00e9couvrez l&#039;ensemble de nos engagements environnementaux et soci\u00e9taux.\" \/>\n<meta property=\"og:url\" content=\"https:\/\/www.helvetic-payroll.ch\/fr\/nos-engagements-rse\/\" \/>\n<meta property=\"og:site_name\" content=\"Helvetic Payroll\" \/>\n<meta property=\"article:publisher\" content=\"https:\/\/www.facebook.com\/HelveticPayroll\" \/>\n<meta property=\"article:modified_time\" content=\"2023-06-09T10:12:25+00:00\" \/>\n<meta name=\"twitter:card\" content=\"summary_large_image\" \/>\n<meta name=\"twitter:site\" content=\"@HelveticPayroll\" \/>\n<meta name=\"twitter:label1\" content=\"Dur\u00e9e de lecture estim\u00e9e\" \/>\n\t<meta name=\"twitter:data1\" content=\"1 minute\" \/>\n<script type=\"application\/ld+json\" class=\"yoast-schema-graph\">{\"@context\":\"https:\\\/\\\/schema.org\",\"@graph\":[{\"@type\":\"WebPage\",\"@id\":\"https:\\\/\\\/www.helvetic-payroll.ch\\\/fr\\\/nos-engagements-rse\\\/\",\"url\":\"https:\\\/\\\/www.helvetic-payroll.ch\\\/fr\\\/nos-engagements-rse\\\/\",\"name\":\"Nos engagements RSE - Helvetic Payroll\",\"isPartOf\":{\"@id\":\"https:\\\/\\\/www.helvetic-payroll.ch\\\/fr\\\/#website\"},\"datePublished\":\"2023-05-15T08:25:44+00:00\",\"dateModified\":\"2023-06-09T10:12:25+00:00\",\"description\":\"Chez Helvetic Payroll, la croissance durable est au centre de nos pr\u00e9occupations. D\u00e9couvrez l'ensemble de nos engagements environnementaux et soci\u00e9taux.\",\"inLanguage\":\"fr-FR\",\"potentialAction\":[{\"@type\":\"ReadAction\",\"target\":[\"https:\\\/\\\/www.helvetic-payroll.ch\\\/fr\\\/nos-engagements-rse\\\/\"]}]},{\"@type\":\"WebSite\",\"@id\":\"https:\\\/\\\/www.helvetic-payroll.ch\\\/fr\\\/#website\",\"url\":\"https:\\\/\\\/www.helvetic-payroll.ch\\\/fr\\\/\",\"name\":\"Helvetic Payroll\",\"description\":\"\",\"publisher\":{\"@id\":\"https:\\\/\\\/www.helvetic-payroll.ch\\\/fr\\\/#organization\"},\"potentialAction\":[{\"@type\":\"SearchAction\",\"target\":{\"@type\":\"EntryPoint\",\"urlTemplate\":\"https:\\\/\\\/www.helvetic-payroll.ch\\\/fr\\\/?s={search_term_string}\"},\"query-input\":{\"@type\":\"PropertyValueSpecification\",\"valueRequired\":true,\"valueName\":\"search_term_string\"}}],\"inLanguage\":\"fr-FR\"},{\"@type\":\"Organization\",\"@id\":\"https:\\\/\\\/www.helvetic-payroll.ch\\\/fr\\\/#organization\",\"name\":\"Helvetic Payroll\",\"url\":\"https:\\\/\\\/www.helvetic-payroll.ch\\\/fr\\\/\",\"logo\":{\"@type\":\"ImageObject\",\"inLanguage\":\"fr-FR\",\"@id\":\"https:\\\/\\\/www.helvetic-payroll.ch\\\/fr\\\/#\\\/schema\\\/logo\\\/image\\\/\",\"url\":\"https:\\\/\\\/www.helvetic-payroll.ch\\\/wp-content\\\/uploads\\\/2025\\\/07\\\/HP-Logo-couleur-scaled.png\",\"contentUrl\":\"https:\\\/\\\/www.helvetic-payroll.ch\\\/wp-content\\\/uploads\\\/2025\\\/07\\\/HP-Logo-couleur-scaled.png\",\"width\":2560,\"height\":1204,\"caption\":\"Helvetic Payroll\"},\"image\":{\"@id\":\"https:\\\/\\\/www.helvetic-payroll.ch\\\/fr\\\/#\\\/schema\\\/logo\\\/image\\\/\"},\"sameAs\":[\"https:\\\/\\\/www.facebook.com\\\/HelveticPayroll\",\"https:\\\/\\\/x.com\\\/HelveticPayroll\"]}]}<\/script>\n<!-- \/ Yoast SEO plugin. -->","yoast_head_json":{"title":"Nos engagements RSE - Helvetic Payroll","description":"Chez Helvetic Payroll, la croissance durable est au centre de nos pr\u00e9occupations. D\u00e9couvrez l'ensemble de nos engagements environnementaux et soci\u00e9taux.","robots":{"index":"index","follow":"follow","max-snippet":"max-snippet:-1","max-image-preview":"max-image-preview:large","max-video-preview":"max-video-preview:-1"},"canonical":"https:\/\/www.helvetic-payroll.ch\/fr\/nos-engagements-rse\/","og_locale":"fr_FR","og_type":"article","og_title":"Nos engagements RSE - Helvetic Payroll","og_description":"Chez Helvetic Payroll, la croissance durable est au centre de nos pr\u00e9occupations. D\u00e9couvrez l'ensemble de nos engagements environnementaux et soci\u00e9taux.","og_url":"https:\/\/www.helvetic-payroll.ch\/fr\/nos-engagements-rse\/","og_site_name":"Helvetic Payroll","article_publisher":"https:\/\/www.facebook.com\/HelveticPayroll","article_modified_time":"2023-06-09T10:12:25+00:00","twitter_card":"summary_large_image","twitter_site":"@HelveticPayroll","twitter_misc":{"Dur\u00e9e de lecture estim\u00e9e":"1 minute"},"schema":{"@context":"https:\/\/schema.org","@graph":[{"@type":"WebPage","@id":"https:\/\/www.helvetic-payroll.ch\/fr\/nos-engagements-rse\/","url":"https:\/\/www.helvetic-payroll.ch\/fr\/nos-engagements-rse\/","name":"Nos engagements RSE - Helvetic Payroll","isPartOf":{"@id":"https:\/\/www.helvetic-payroll.ch\/fr\/#website"},"datePublished":"2023-05-15T08:25:44+00:00","dateModified":"2023-06-09T10:12:25+00:00","description":"Chez Helvetic Payroll, la croissance durable est au centre de nos pr\u00e9occupations. D\u00e9couvrez l'ensemble de nos engagements environnementaux et soci\u00e9taux.","inLanguage":"fr-FR","potentialAction":[{"@type":"ReadAction","target":["https:\/\/www.helvetic-payroll.ch\/fr\/nos-engagements-rse\/"]}]},{"@type":"WebSite","@id":"https:\/\/www.helvetic-payroll.ch\/fr\/#website","url":"https:\/\/www.helvetic-payroll.ch\/fr\/","name":"Helvetic Payroll","description":"","publisher":{"@id":"https:\/\/www.helvetic-payroll.ch\/fr\/#organization"},"potentialAction":[{"@type":"SearchAction","target":{"@type":"EntryPoint","urlTemplate":"https:\/\/www.helvetic-payroll.ch\/fr\/?s={search_term_string}"},"query-input":{"@type":"PropertyValueSpecification","valueRequired":true,"valueName":"search_term_string"}}],"inLanguage":"fr-FR"},{"@type":"Organization","@id":"https:\/\/www.helvetic-payroll.ch\/fr\/#organization","name":"Helvetic Payroll","url":"https:\/\/www.helvetic-payroll.ch\/fr\/","logo":{"@type":"ImageObject","inLanguage":"fr-FR","@id":"https:\/\/www.helvetic-payroll.ch\/fr\/#\/schema\/logo\/image\/","url":"https:\/\/www.helvetic-payroll.ch\/wp-content\/uploads\/2025\/07\/HP-Logo-couleur-scaled.png","contentUrl":"https:\/\/www.helvetic-payroll.ch\/wp-content\/uploads\/2025\/07\/HP-Logo-couleur-scaled.png","width":2560,"height":1204,"caption":"Helvetic Payroll"},"image":{"@id":"https:\/\/www.helvetic-payroll.ch\/fr\/#\/schema\/logo\/image\/"},"sameAs":["https:\/\/www.facebook.com\/HelveticPayroll","https:\/\/x.com\/HelveticPayroll"]}]}},"_links":{"self":[{"href":"https:\/\/www.helvetic-payroll.ch\/fr\/wp-json\/wp\/v2\/pages\/2907","targetHints":{"allow":["GET"]}}],"collection":[{"href":"https:\/\/www.helvetic-payroll.ch\/fr\/wp-json\/wp\/v2\/pages"}],"about":[{"href":"https:\/\/www.helvetic-payroll.ch\/fr\/wp-json\/wp\/v2\/types\/page"}],"author":[{"embeddable":true,"href":"https:\/\/www.helvetic-payroll.ch\/fr\/wp-json\/wp\/v2\/users\/9"}],"replies":[{"embeddable":true,"href":"https:\/\/www.helvetic-payroll.ch\/fr\/wp-json\/wp\/v2\/comments?post=2907"}],"version-history":[{"count":0,"href":"https:\/\/www.helvetic-payroll.ch\/fr\/wp-json\/wp\/v2\/pages\/2907\/revisions"}],"wp:attachment":[{"href":"https:\/\/www.helvetic-payroll.ch\/fr\/wp-json\/wp\/v2\/media?parent=2907"}],"curies":[{"name":"wp","href":"https:\/\/api.w.org\/{rel}","templated":true}]}}